{"id":8228,"date":"2021-09-26T17:20:44","date_gmt":"2021-09-26T15:20:44","guid":{"rendered":"https:\/\/www.ulusource.com\/?page_id=8228"},"modified":"2026-04-11T20:00:13","modified_gmt":"2026-04-11T18:00:13","slug":"livraison","status":"publish","type":"page","link":"https:\/\/www.oliosource.com\/fr\/livraison\/","title":{"rendered":"Livraison"},"content":{"rendered":"\n\t<section class=\"section\" id=\"section_252874473\">\n\t\t<div class=\"section-bg fill\" >\n\t\t\t\t\t\t\t\t\t\n\t\t\t\n\n\t\t<\/div>\n\n\t\t\n\n\t\t<div class=\"section-content relative\">\n\t\t\t\n<div class=\"row\"  id=\"row-1450766948\">\n\n\t<div id=\"col-2063409718\" class=\"col small-12 large-12\"  >\n\t\t\t\t<div class=\"col-inner\"  >\n\t\t\t\n\t\t\t\n<h1><strong>Le transport de votre colis<\/strong><\/h1>\n<p>Les prix indiqu\u00e9s sur les pages des produits comprennent la taxe sur la valeur ajout\u00e9e l\u00e9gale et tous les \u00e9l\u00e9ments du prix.<\/p>\n<p>Nous livrons en Allemagne, en Autriche, en France et en Suisse. En plus des prix indiqu\u00e9s, nous facturons un forfait de 10 euros par commande pour la livraison. Les frais d&rsquo;exp\u00e9dition vous sont clairement communiqu\u00e9s dans le panier et sur la page de commande.<\/p>\n<p>Le d\u00e9lai de livraison est d&rsquo;environ 10 jours ouvrables.<\/p>\n<h2>Remise sur volume<\/h2>\n<p>\u00c0 partir d&rsquo;une valeur de commande de 500 euros, nous accordons une remise de 10 %.<\/p>\n<h2>Retours &amp; \u00e9changes<\/h2>\n<p>En raison de la nature de notre produit \u2014 l&rsquo;huile d&rsquo;olive est une denr\u00e9e p\u00e9rissable \u2014 nous ne pouvons malheureusement accepter ni retours ni \u00e9changes. Cette disposition est conforme \u00e0 l&rsquo;article L221-28 du Code de la consommation (biens susceptibles de se d\u00e9t\u00e9riorer ou de se p\u00e9rimer rapidement). Si votre commande arrive endommag\u00e9e ou pr\u00e9sente un d\u00e9faut manifeste, veuillez nous contacter imm\u00e9diatement via notre formulaire de contact. Nous trouverons une solution ensemble.<\/p>\n<h2>Contact<\/h2>\n<p>Pour toute question concernant notre boutique, envoyez-nous simplement un <a href=\"https:\/\/www.oliosource.com\/fr\/contact\/\">email<\/a><\/p>\n\t\t<\/div>\n\t\t\t\t\t<\/div>\n\n\t\n<\/div>\n\t\t<\/div>\n\n\t\t\n<style>\n#section_252874473 {\n  padding-top: 30px;\n  padding-bottom: 30px;\n}\n<\/style>\n\t<\/section>\n\t\n","protected":false},"excerpt":{"rendered":"","protected":false},"author":1,"featured_media":0,"parent":0,"menu_order":0,"comment_status":"closed","ping_status":"closed","template":"","meta":{"footnotes":""},"class_list":["post-8228","page","type-page","status-publish","hentry"],"yoast_head":"<!-- This site is optimized with the Yoast SEO plugin v27.5 - https:\/\/yoast.com\/product\/yoast-seo-wordpress\/ -->\n<title>Livraison - Olio Source<\/title>\n<meta name=\"robots\" content=\"index, follow, max-snippet:-1, max-image-preview:large, max-video-preview:-1\" \/>\n<link rel=\"canonical\" href=\"https:\/\/www.oliosource.com\/fr\/livraison\/\" \/>\n<meta property=\"og:locale\" content=\"fr_FR\" \/>\n<meta property=\"og:type\" content=\"article\" \/>\n<meta property=\"og:title\" content=\"Livraison - Olio Source\" \/>\n<meta property=\"og:url\" content=\"https:\/\/www.oliosource.com\/fr\/livraison\/\" \/>\n<meta property=\"og:site_name\" content=\"Olio Source\" \/>\n<meta property=\"article:modified_time\" content=\"2026-04-11T18:00:13+00:00\" \/>\n<meta name=\"twitter:card\" content=\"summary_large_image\" \/>\n<meta name=\"twitter:label1\" content=\"Dur\u00e9e de lecture estim\u00e9e\" \/>\n\t<meta name=\"twitter:data1\" content=\"1 minute\" \/>\n<script type=\"application\/ld+json\" class=\"yoast-schema-graph\">{\"@context\":\"https:\\\/\\\/schema.org\",\"@graph\":[{\"@type\":\"WebPage\",\"@id\":\"https:\\\/\\\/www.oliosource.com\\\/fr\\\/livraison\\\/\",\"url\":\"https:\\\/\\\/www.oliosource.com\\\/fr\\\/livraison\\\/\",\"name\":\"Livraison - Olio Source\",\"isPartOf\":{\"@id\":\"https:\\\/\\\/www.oliosource.com\\\/fr\\\/#website\"},\"datePublished\":\"2021-09-26T15:20:44+00:00\",\"dateModified\":\"2026-04-11T18:00:13+00:00\",\"breadcrumb\":{\"@id\":\"https:\\\/\\\/www.oliosource.com\\\/fr\\\/livraison\\\/#breadcrumb\"},\"inLanguage\":\"fr-FR\",\"potentialAction\":[{\"@type\":\"ReadAction\",\"target\":[\"https:\\\/\\\/www.oliosource.com\\\/fr\\\/livraison\\\/\"]}]},{\"@type\":\"BreadcrumbList\",\"@id\":\"https:\\\/\\\/www.oliosource.com\\\/fr\\\/livraison\\\/#breadcrumb\",\"itemListElement\":[{\"@type\":\"ListItem\",\"position\":1,\"name\":\"Accueil\",\"item\":\"https:\\\/\\\/www.oliosource.com\\\/fr\\\/\"},{\"@type\":\"ListItem\",\"position\":2,\"name\":\"Livraison\"}]},{\"@type\":\"WebSite\",\"@id\":\"https:\\\/\\\/www.oliosource.com\\\/fr\\\/#website\",\"url\":\"https:\\\/\\\/www.oliosource.com\\\/fr\\\/\",\"name\":\"Olio Source\",\"description\":\"L'huile d'olive d'une source claire\",\"publisher\":{\"@id\":\"https:\\\/\\\/www.oliosource.com\\\/fr\\\/#organization\"},\"potentialAction\":[{\"@type\":\"SearchAction\",\"target\":{\"@type\":\"EntryPoint\",\"urlTemplate\":\"https:\\\/\\\/www.oliosource.com\\\/fr\\\/?s={search_term_string}\"},\"query-input\":{\"@type\":\"PropertyValueSpecification\",\"valueRequired\":true,\"valueName\":\"search_term_string\"}}],\"inLanguage\":\"fr-FR\"},{\"@type\":\"Organization\",\"@id\":\"https:\\\/\\\/www.oliosource.com\\\/fr\\\/#organization\",\"name\":\"Olio Source\",\"url\":\"https:\\\/\\\/www.oliosource.com\\\/fr\\\/\",\"logo\":{\"@type\":\"ImageObject\",\"inLanguage\":\"fr-FR\",\"@id\":\"https:\\\/\\\/www.oliosource.com\\\/fr\\\/#\\\/schema\\\/logo\\\/image\\\/\",\"url\":\"https:\\\/\\\/www.oliosource.com\\\/wp-content\\\/uploads\\\/2025\\\/05\\\/olio-source.png\",\"contentUrl\":\"https:\\\/\\\/www.oliosource.com\\\/wp-content\\\/uploads\\\/2025\\\/05\\\/olio-source.png\",\"width\":1080,\"height\":1080,\"caption\":\"Olio Source\"},\"image\":{\"@id\":\"https:\\\/\\\/www.oliosource.com\\\/fr\\\/#\\\/schema\\\/logo\\\/image\\\/\"}}]}<\/script>\n<!-- \/ Yoast SEO plugin. -->","yoast_head_json":{"title":"Livraison - Olio Source","robots":{"index":"index","follow":"follow","max-snippet":"max-snippet:-1","max-image-preview":"max-image-preview:large","max-video-preview":"max-video-preview:-1"},"canonical":"https:\/\/www.oliosource.com\/fr\/livraison\/","og_locale":"fr_FR","og_type":"article","og_title":"Livraison - Olio Source","og_url":"https:\/\/www.oliosource.com\/fr\/livraison\/","og_site_name":"Olio Source","article_modified_time":"2026-04-11T18:00:13+00:00","twitter_card":"summary_large_image","twitter_misc":{"Dur\u00e9e de lecture estim\u00e9e":"1 minute"},"schema":{"@context":"https:\/\/schema.org","@graph":[{"@type":"WebPage","@id":"https:\/\/www.oliosource.com\/fr\/livraison\/","url":"https:\/\/www.oliosource.com\/fr\/livraison\/","name":"Livraison - Olio Source","isPartOf":{"@id":"https:\/\/www.oliosource.com\/fr\/#website"},"datePublished":"2021-09-26T15:20:44+00:00","dateModified":"2026-04-11T18:00:13+00:00","breadcrumb":{"@id":"https:\/\/www.oliosource.com\/fr\/livraison\/#breadcrumb"},"inLanguage":"fr-FR","potentialAction":[{"@type":"ReadAction","target":["https:\/\/www.oliosource.com\/fr\/livraison\/"]}]},{"@type":"BreadcrumbList","@id":"https:\/\/www.oliosource.com\/fr\/livraison\/#breadcrumb","itemListElement":[{"@type":"ListItem","position":1,"name":"Accueil","item":"https:\/\/www.oliosource.com\/fr\/"},{"@type":"ListItem","position":2,"name":"Livraison"}]},{"@type":"WebSite","@id":"https:\/\/www.oliosource.com\/fr\/#website","url":"https:\/\/www.oliosource.com\/fr\/","name":"Olio Source","description":"L'huile d'olive d'une source claire","publisher":{"@id":"https:\/\/www.oliosource.com\/fr\/#organization"},"potentialAction":[{"@type":"SearchAction","target":{"@type":"EntryPoint","urlTemplate":"https:\/\/www.oliosource.com\/fr\/?s={search_term_string}"},"query-input":{"@type":"PropertyValueSpecification","valueRequired":true,"valueName":"search_term_string"}}],"inLanguage":"fr-FR"},{"@type":"Organization","@id":"https:\/\/www.oliosource.com\/fr\/#organization","name":"Olio Source","url":"https:\/\/www.oliosource.com\/fr\/","logo":{"@type":"ImageObject","inLanguage":"fr-FR","@id":"https:\/\/www.oliosource.com\/fr\/#\/schema\/logo\/image\/","url":"https:\/\/www.oliosource.com\/wp-content\/uploads\/2025\/05\/olio-source.png","contentUrl":"https:\/\/www.oliosource.com\/wp-content\/uploads\/2025\/05\/olio-source.png","width":1080,"height":1080,"caption":"Olio Source"},"image":{"@id":"https:\/\/www.oliosource.com\/fr\/#\/schema\/logo\/image\/"}}]}},"_links":{"self":[{"href":"https:\/\/www.oliosource.com\/fr\/wp-json\/wp\/v2\/pages\/8228","targetHints":{"allow":["GET"]}}],"collection":[{"href":"https:\/\/www.oliosource.com\/fr\/wp-json\/wp\/v2\/pages"}],"about":[{"href":"https:\/\/www.oliosource.com\/fr\/wp-json\/wp\/v2\/types\/page"}],"author":[{"embeddable":true,"href":"https:\/\/www.oliosource.com\/fr\/wp-json\/wp\/v2\/users\/1"}],"replies":[{"embeddable":true,"href":"https:\/\/www.oliosource.com\/fr\/wp-json\/wp\/v2\/comments?post=8228"}],"version-history":[{"count":8,"href":"https:\/\/www.oliosource.com\/fr\/wp-json\/wp\/v2\/pages\/8228\/revisions"}],"predecessor-version":[{"id":10464,"href":"https:\/\/www.oliosource.com\/fr\/wp-json\/wp\/v2\/pages\/8228\/revisions\/10464"}],"wp:attachment":[{"href":"https:\/\/www.oliosource.com\/fr\/wp-json\/wp\/v2\/media?parent=8228"}],"curies":[{"name":"wp","href":"https:\/\/api.w.org\/{rel}","templated":true}]}}