{"id":8190,"date":"2021-09-26T15:23:00","date_gmt":"2021-09-26T13:23:00","guid":{"rendered":"https:\/\/www.ulusource.com\/?page_id=8190"},"modified":"2026-04-12T21:33:23","modified_gmt":"2026-04-12T19:33:23","slug":"mentions-legales","status":"publish","type":"page","link":"https:\/\/www.oliosource.com\/fr\/mentions-legales\/","title":{"rendered":"Mentions l\u00e9gales"},"content":{"rendered":"<h1 class=\"page-title\">Mentions l\u00e9gales<\/h1>\n<p>ZL Connection<br \/>Inhaber: Peter Liehl<br \/>9 Rue Marie Madeleine Fourcade<br \/>69007 Lyon<br \/>France<\/p>\n<p>T\u00e9l\u00e9fon: +33 6 34 26 15 97<br \/>E-Mail: peter@oliosource.com<\/p>\n<p>Registre du commerce: RCS de Lyon<br \/>Num\u00e9ro de registre: 979130812<\/p>\n<p>Responsable du contenu: Peter Liehl, Adresse comme ci-dessus.<\/p>\n<p>Plateforme relative au r\u00e8glement en ligne des litiges: <a href=\"https:\/\/ec.europa.eu\/consumers\/odr\/\">https:\/\/ec.europa.eu\/consumers\/odr\/<\/a><\/p>\n<p>Ce site internet fournit notamment les coordonn\u00e9es du Centre europ\u00e9en des consommateurs France et des indications relatives aux modalit\u00e9s de l\u2019assistance dont le consommateur peut b\u00e9n\u00e9ficier en vue du r\u00e8glement extrajudiciaire de tels litiges transfrontaliers.<br \/>Si le client veut recourir au service de m\u00e9diation lors d\u2019un litige avec le vendeur, il doit s\u2019adresser pr\u00e9alablement par \u00e9crit au vendeur. Le service du m\u00e9diateur ne peut \u00eatre saisi que lorsqu\u2019un accord avec le vendeur n\u2019a pas abouti.<\/p>\n<p>\u00a0<\/p>\n","protected":false},"excerpt":{"rendered":"<p>Mentions l\u00e9gales ZL ConnectionInhaber: Peter Liehl9 Rue Marie Madeleine Fourcade69007 LyonFrance T\u00e9l\u00e9fon: +33 6 34 26 15 97E-Mail: peter@oliosource.com Registre du commerce: RCS de LyonNum\u00e9ro de registre: 979130812 Responsable du contenu: Peter Liehl, Adresse comme ci-dessus. Plateforme relative au r\u00e8glement en ligne des litiges: https:\/\/ec.europa.eu\/consumers\/odr\/ Ce site internet fournit notamment les coordonn\u00e9es du Centre europ\u00e9en [&#8230;]\n","protected":false},"author":1,"featured_media":0,"parent":0,"menu_order":0,"comment_status":"closed","ping_status":"closed","template":"","meta":{"footnotes":""},"class_list":["post-8190","page","type-page","status-publish","hentry"],"yoast_head":"<!-- This site is optimized with the Yoast SEO plugin v27.5 - https:\/\/yoast.com\/product\/yoast-seo-wordpress\/ -->\n<title>Mentions l\u00e9gales - Olio Source<\/title>\n<meta name=\"robots\" content=\"noindex, follow\" \/>\n<meta property=\"og:locale\" content=\"fr_FR\" \/>\n<meta property=\"og:type\" content=\"article\" \/>\n<meta property=\"og:title\" content=\"Mentions l\u00e9gales - Olio Source\" \/>\n<meta property=\"og:description\" content=\"Mentions l\u00e9gales ZL ConnectionInhaber: Peter Liehl9 Rue Marie Madeleine Fourcade69007 LyonFrance T\u00e9l\u00e9fon: +33 6 34 26 15 97E-Mail: peter@oliosource.com Registre du commerce: RCS de LyonNum\u00e9ro de registre: 979130812 Responsable du contenu: Peter Liehl, Adresse comme ci-dessus. Plateforme relative au r\u00e8glement en ligne des litiges: https:\/\/ec.europa.eu\/consumers\/odr\/ Ce site internet fournit notamment les coordonn\u00e9es du Centre europ\u00e9en [...]\" \/>\n<meta property=\"og:url\" content=\"https:\/\/www.oliosource.com\/fr\/mentions-legales\/\" \/>\n<meta property=\"og:site_name\" content=\"Olio Source\" \/>\n<meta property=\"article:modified_time\" content=\"2026-04-12T19:33:23+00:00\" \/>\n<meta name=\"twitter:card\" content=\"summary_large_image\" \/>\n<meta name=\"twitter:label1\" content=\"Dur\u00e9e de lecture estim\u00e9e\" \/>\n\t<meta name=\"twitter:data1\" content=\"1 minute\" \/>\n<script type=\"application\/ld+json\" class=\"yoast-schema-graph\">{\"@context\":\"https:\\\/\\\/schema.org\",\"@graph\":[{\"@type\":\"WebPage\",\"@id\":\"https:\\\/\\\/www.oliosource.com\\\/fr\\\/mentions-legales\\\/\",\"url\":\"https:\\\/\\\/www.oliosource.com\\\/fr\\\/mentions-legales\\\/\",\"name\":\"Mentions l\u00e9gales - Olio Source\",\"isPartOf\":{\"@id\":\"https:\\\/\\\/www.oliosource.com\\\/fr\\\/#website\"},\"datePublished\":\"2021-09-26T13:23:00+00:00\",\"dateModified\":\"2026-04-12T19:33:23+00:00\",\"breadcrumb\":{\"@id\":\"https:\\\/\\\/www.oliosource.com\\\/fr\\\/mentions-legales\\\/#breadcrumb\"},\"inLanguage\":\"fr-FR\",\"potentialAction\":[{\"@type\":\"ReadAction\",\"target\":[\"https:\\\/\\\/www.oliosource.com\\\/fr\\\/mentions-legales\\\/\"]}]},{\"@type\":\"BreadcrumbList\",\"@id\":\"https:\\\/\\\/www.oliosource.com\\\/fr\\\/mentions-legales\\\/#breadcrumb\",\"itemListElement\":[{\"@type\":\"ListItem\",\"position\":1,\"name\":\"Accueil\",\"item\":\"https:\\\/\\\/www.oliosource.com\\\/fr\\\/\"},{\"@type\":\"ListItem\",\"position\":2,\"name\":\"Mentions l\u00e9gales\"}]},{\"@type\":\"WebSite\",\"@id\":\"https:\\\/\\\/www.oliosource.com\\\/fr\\\/#website\",\"url\":\"https:\\\/\\\/www.oliosource.com\\\/fr\\\/\",\"name\":\"Olio Source\",\"description\":\"L'huile d'olive d'une source claire\",\"publisher\":{\"@id\":\"https:\\\/\\\/www.oliosource.com\\\/fr\\\/#organization\"},\"potentialAction\":[{\"@type\":\"SearchAction\",\"target\":{\"@type\":\"EntryPoint\",\"urlTemplate\":\"https:\\\/\\\/www.oliosource.com\\\/fr\\\/?s={search_term_string}\"},\"query-input\":{\"@type\":\"PropertyValueSpecification\",\"valueRequired\":true,\"valueName\":\"search_term_string\"}}],\"inLanguage\":\"fr-FR\"},{\"@type\":\"Organization\",\"@id\":\"https:\\\/\\\/www.oliosource.com\\\/fr\\\/#organization\",\"name\":\"Olio Source\",\"url\":\"https:\\\/\\\/www.oliosource.com\\\/fr\\\/\",\"logo\":{\"@type\":\"ImageObject\",\"inLanguage\":\"fr-FR\",\"@id\":\"https:\\\/\\\/www.oliosource.com\\\/fr\\\/#\\\/schema\\\/logo\\\/image\\\/\",\"url\":\"https:\\\/\\\/www.oliosource.com\\\/wp-content\\\/uploads\\\/2025\\\/05\\\/olio-source.png\",\"contentUrl\":\"https:\\\/\\\/www.oliosource.com\\\/wp-content\\\/uploads\\\/2025\\\/05\\\/olio-source.png\",\"width\":1080,\"height\":1080,\"caption\":\"Olio Source\"},\"image\":{\"@id\":\"https:\\\/\\\/www.oliosource.com\\\/fr\\\/#\\\/schema\\\/logo\\\/image\\\/\"}}]}<\/script>\n<!-- \/ Yoast SEO plugin. -->","yoast_head_json":{"title":"Mentions l\u00e9gales - Olio Source","robots":{"index":"noindex","follow":"follow"},"og_locale":"fr_FR","og_type":"article","og_title":"Mentions l\u00e9gales - Olio Source","og_description":"Mentions l\u00e9gales ZL ConnectionInhaber: Peter Liehl9 Rue Marie Madeleine Fourcade69007 LyonFrance T\u00e9l\u00e9fon: +33 6 34 26 15 97E-Mail: peter@oliosource.com Registre du commerce: RCS de LyonNum\u00e9ro de registre: 979130812 Responsable du contenu: Peter Liehl, Adresse comme ci-dessus. Plateforme relative au r\u00e8glement en ligne des litiges: https:\/\/ec.europa.eu\/consumers\/odr\/ Ce site internet fournit notamment les coordonn\u00e9es du Centre europ\u00e9en [...]","og_url":"https:\/\/www.oliosource.com\/fr\/mentions-legales\/","og_site_name":"Olio Source","article_modified_time":"2026-04-12T19:33:23+00:00","twitter_card":"summary_large_image","twitter_misc":{"Dur\u00e9e de lecture estim\u00e9e":"1 minute"},"schema":{"@context":"https:\/\/schema.org","@graph":[{"@type":"WebPage","@id":"https:\/\/www.oliosource.com\/fr\/mentions-legales\/","url":"https:\/\/www.oliosource.com\/fr\/mentions-legales\/","name":"Mentions l\u00e9gales - Olio Source","isPartOf":{"@id":"https:\/\/www.oliosource.com\/fr\/#website"},"datePublished":"2021-09-26T13:23:00+00:00","dateModified":"2026-04-12T19:33:23+00:00","breadcrumb":{"@id":"https:\/\/www.oliosource.com\/fr\/mentions-legales\/#breadcrumb"},"inLanguage":"fr-FR","potentialAction":[{"@type":"ReadAction","target":["https:\/\/www.oliosource.com\/fr\/mentions-legales\/"]}]},{"@type":"BreadcrumbList","@id":"https:\/\/www.oliosource.com\/fr\/mentions-legales\/#breadcrumb","itemListElement":[{"@type":"ListItem","position":1,"name":"Accueil","item":"https:\/\/www.oliosource.com\/fr\/"},{"@type":"ListItem","position":2,"name":"Mentions l\u00e9gales"}]},{"@type":"WebSite","@id":"https:\/\/www.oliosource.com\/fr\/#website","url":"https:\/\/www.oliosource.com\/fr\/","name":"Olio Source","description":"L'huile d'olive d'une source claire","publisher":{"@id":"https:\/\/www.oliosource.com\/fr\/#organization"},"potentialAction":[{"@type":"SearchAction","target":{"@type":"EntryPoint","urlTemplate":"https:\/\/www.oliosource.com\/fr\/?s={search_term_string}"},"query-input":{"@type":"PropertyValueSpecification","valueRequired":true,"valueName":"search_term_string"}}],"inLanguage":"fr-FR"},{"@type":"Organization","@id":"https:\/\/www.oliosource.com\/fr\/#organization","name":"Olio Source","url":"https:\/\/www.oliosource.com\/fr\/","logo":{"@type":"ImageObject","inLanguage":"fr-FR","@id":"https:\/\/www.oliosource.com\/fr\/#\/schema\/logo\/image\/","url":"https:\/\/www.oliosource.com\/wp-content\/uploads\/2025\/05\/olio-source.png","contentUrl":"https:\/\/www.oliosource.com\/wp-content\/uploads\/2025\/05\/olio-source.png","width":1080,"height":1080,"caption":"Olio Source"},"image":{"@id":"https:\/\/www.oliosource.com\/fr\/#\/schema\/logo\/image\/"}}]}},"_links":{"self":[{"href":"https:\/\/www.oliosource.com\/fr\/wp-json\/wp\/v2\/pages\/8190","targetHints":{"allow":["GET"]}}],"collection":[{"href":"https:\/\/www.oliosource.com\/fr\/wp-json\/wp\/v2\/pages"}],"about":[{"href":"https:\/\/www.oliosource.com\/fr\/wp-json\/wp\/v2\/types\/page"}],"author":[{"embeddable":true,"href":"https:\/\/www.oliosource.com\/fr\/wp-json\/wp\/v2\/users\/1"}],"replies":[{"embeddable":true,"href":"https:\/\/www.oliosource.com\/fr\/wp-json\/wp\/v2\/comments?post=8190"}],"version-history":[{"count":8,"href":"https:\/\/www.oliosource.com\/fr\/wp-json\/wp\/v2\/pages\/8190\/revisions"}],"predecessor-version":[{"id":8391,"href":"https:\/\/www.oliosource.com\/fr\/wp-json\/wp\/v2\/pages\/8190\/revisions\/8391"}],"wp:attachment":[{"href":"https:\/\/www.oliosource.com\/fr\/wp-json\/wp\/v2\/media?parent=8190"}],"curies":[{"name":"wp","href":"https:\/\/api.w.org\/{rel}","templated":true}]}}