{"id":6473,"date":"2018-06-21T07:45:04","date_gmt":"2018-06-21T07:45:04","guid":{"rendered":"https:\/\/www.ulusource.com\/clarte-sur\/erzeuger\/"},"modified":"2025-11-02T11:24:14","modified_gmt":"2025-11-02T10:24:14","slug":"producteurs","status":"publish","type":"page","link":"https:\/\/www.oliosource.com\/fr\/clarte\/producteurs\/","title":{"rendered":"Producteurs"},"content":{"rendered":"\n\t<section class=\"section\" id=\"section_1580629992\">\n\t\t<div class=\"section-bg fill\" >\n\t\t\t\t\t\t\t\t\t\n\t\t\t\n\t<div class=\"is-border\"\n\t\tstyle=\"border-color:rgb(255, 255, 255);border-width:0px 0px 30px 0px;margin:0px 0px 0px 0px;\">\n\t<\/div>\n\n\t\t<\/div>\n\n\t\t\n\n\t\t<div class=\"section-content relative\">\n\t\t\t\n\t<div id=\"gap-1478079711\" class=\"gap-element clearfix\" style=\"display:block; height:auto;\">\n\t\t\n<style>\n#gap-1478079711 {\n  padding-top: 30px;\n}\n<\/style>\n\t<\/div>\n\t\n<div class=\"row align-center\"  id=\"row-709472008\">\n\n\t<div id=\"col-49016454\" class=\"col small-12 large-12\"  >\n\t\t\t\t<div class=\"col-inner\"  >\n\t\t\t\n\t\t\t\n<h1 style=\"text-align: center;\"><span style=\"color: #5c7138;\">Qui sont nos producteurs d&rsquo;huile d&rsquo;olive ?<\/span><\/h1>\n\t\t<\/div>\n\t\t\t\t\t<\/div>\n\n\t\n<\/div>\n\t\t<\/div>\n\n\t\t\n<style>\n#section_1580629992 {\n  padding-top: 0px;\n  padding-bottom: 0px;\n  min-height: 0px;\n  background-color: rgb(255, 255, 255);\n}\n@media (min-width:550px) {\n  #section_1580629992 {\n    padding-top: 0px;\n    padding-bottom: 0px;\n  }\n}\n<\/style>\n\t<\/section>\n\t\n\n\t<section class=\"section\" id=\"section_797663759\">\n\t\t<div class=\"section-bg fill\" >\n\t\t\t\t\t\t\t\t\t\n\t\t\t\n\n\t\t<\/div>\n\n\t\t\n\n\t\t<div class=\"section-content relative\">\n\t\t\t\n<div class=\"row\"  id=\"row-641272353\">\n\n\t<div id=\"col-2094668539\" class=\"col small-12 large-12\"  >\n\t\t\t\t<div class=\"col-inner\"  >\n\t\t\t\n\t\t\t\n<div class=\"row row-collapse align-middle\"  id=\"row-624002233\">\n\n\t<div id=\"col-1543026120\" class=\"col medium-5 small-12 large-6\"  >\n\t\t\t\t<div class=\"col-inner\"  >\n\t\t\t\n\t\t\t\n\n  <div class=\"banner has-hover\" id=\"banner-129944414\">\n          <div class=\"banner-inner fill\">\n        <div class=\"banner-bg fill\" >\n            <img loading=\"lazy\" decoding=\"async\" width=\"1020\" height=\"510\" src=\"https:\/\/www.oliosource.com\/wp-content\/uploads\/2023\/09\/portugal-erzeuger-1024x512.png\" class=\"bg attachment-large size-large\" alt=\"\" \/>                                    \n                    <\/div>\n\t\t\n        <div class=\"banner-layers container\">\n            <div class=\"fill banner-link\"><\/div>            \n        <\/div>\n      <\/div>\n\n            \n<style>\n#banner-129944414 {\n  padding-top: 50%;\n  background-color: rgb(244, 244, 244);\n}\n@media (min-width:550px) {\n  #banner-129944414 {\n    padding-top: 50%;\n  }\n}\n<\/style>\n  <\/div>\n\n\n\t\t<\/div>\n\t\t\t\t\n<style>\n#col-1543026120 > .col-inner {\n  padding: 0px 10px 0px 10px;\n}\n<\/style>\n\t<\/div>\n\n\t\n\n\t<div id=\"col-2063268818\" class=\"col team-sorted-info medium-7 small-12 large-6\"  >\n\t\t\t\t<div class=\"col-inner\"  >\n\t\t\t\n\t\t\t\n<h2>Joaquim Moreira<\/h2>\n\t<div id=\"gap-869596532\" class=\"gap-element clearfix\" style=\"display:block; height:auto;\">\n\t\t\n<style>\n#gap-869596532 {\n  padding-top: 5px;\n}\n<\/style>\n\t<\/div>\n\t\n<p>Joaquim est un producteur d&rsquo;huile d&rsquo;olive portugais qui combine l&rsquo;agriculture biologique et la production d&rsquo;une huile de haute qualit\u00e9. Ses oliviers sont localis\u00e9s dans la r\u00e9gion \u00ab\u00a0derri\u00e8re les montagnes\u00a0\u00bb (\u00ab\u00a0Tr\u00e1s-os-Montes\u00a0\u00bb) dans un paysage d&rsquo;une incroyable beaut\u00e9. Son huile est fruit\u00e9e, naturelle, et frais.<\/p>\n<div class=\"is-divider divider clearfix\" style=\"margin-top:1.2em;margin-bottom:1.2em;max-width:100%;height:2px;background-color:rgba(0, 0, 0, 0.09);\"><\/div>\n<div class=\"row row-small\"  id=\"row-1592368478\">\n\n\t<div id=\"col-1508613588\" class=\"col medium-12 small-12 large-5\"  >\n\t\t\t\t<div class=\"col-inner\"  >\n\t\t\t\n\t\t\t\n<a href=\"https:\/\/www.oliosource.com\/fr\/clarte\/producteurs\/joaquim\/\" class=\"button primary lowercase expand\" >\n\t\t<span>Lire plus<\/span>\n\t<i class=\"icon-angle-right\" aria-hidden=\"true\"><\/i><\/a>\n\n\t\t<\/div>\n\t\t\t\t\t<\/div>\n\n\t\n<\/div>\n\t\t<\/div>\n\t\t\t\t\n<style>\n#col-2063268818 > .col-inner {\n  padding: 40px 10px 40px 10px;\n}\n<\/style>\n\t<\/div>\n\n\t\n<\/div>\n\t\t<\/div>\n\t\t\t\t\n<style>\n#col-2094668539 > .col-inner {\n  margin: 10px 0px -20px 0px;\n}\n<\/style>\n\t<\/div>\n\n\t\n\n<style>\n#row-641272353 > .col > .col-inner {\n  background-color: rgb(255,255,255);\n}\n<\/style>\n<\/div>\n<div class=\"row\"  id=\"row-1026680722\">\n\n\t<div id=\"col-911080604\" class=\"col small-12 large-12\"  >\n\t\t\t\t<div class=\"col-inner\"  >\n\t\t\t\n\t\t\t\n<div class=\"row row-collapse align-middle\"  id=\"row-1870349440\">\n\n\t<div id=\"col-1586106874\" class=\"col team-sorted-info medium-7 small-12 large-6\"  >\n\t\t\t\t<div class=\"col-inner\"  >\n\t\t\t\n\t\t\t\n<h2>Famille Stallone<\/h2>\n\t<div id=\"gap-411786952\" class=\"gap-element clearfix\" style=\"display:block; height:auto;\">\n\t\t\n<style>\n#gap-411786952 {\n  padding-top: 5px;\n}\n<\/style>\n\t<\/div>\n\t\n<p><span style=\"font-weight: 400;\">Les Stallones sont des ol\u00e9iculteurs extr\u00eamement m\u00e9ticuleux et innovants de Giovinazzo (Pouilles, Italie). Ils transforment les fruits de leurs oliviers Coratina, \u00e2g\u00e9s de plus de 400 ans, dans l&rsquo;un des moulins \u00e0 huile les plus modernes d&rsquo;Italie. Ils cr\u00e9ent ainsi une huile d&rsquo;olive exceptionnelle, \u00e0 fort caract\u00e8re, et tr\u00e8s riche en polyph\u00e9nols.<\/span><\/p>\n<div class=\"is-divider divider clearfix\" style=\"margin-top:1.2em;margin-bottom:1.2em;max-width:100%;height:2px;background-color:rgba(0, 0, 0, 0.09);\"><\/div>\n<div class=\"row row-small\"  id=\"row-1171914589\">\n\n\t<div id=\"col-2140816741\" class=\"col medium-12 small-12 large-5\"  >\n\t\t\t\t<div class=\"col-inner\"  >\n\t\t\t\n\t\t\t\n<a href=\"https:\/\/www.oliosource.com\/fr\/clarte\/producteurs\/salvatore\/\" class=\"button primary lowercase expand\" >\n\t\t<span>Lire plus<\/span>\n\t<i class=\"icon-angle-right\" aria-hidden=\"true\"><\/i><\/a>\n\n\t\t<\/div>\n\t\t\t\t\t<\/div>\n\n\t\n<\/div>\n\t\t<\/div>\n\t\t\t\t\n<style>\n#col-1586106874 > .col-inner {\n  padding: 40px 10px 40px 10px;\n}\n<\/style>\n\t<\/div>\n\n\t\n\n\t<div id=\"col-599732424\" class=\"col medium-5 small-12 large-6 small-col-first\"  >\n\t\t\t\t<div class=\"col-inner\"  >\n\t\t\t\n\t\t\t\n\n  <div class=\"banner has-hover\" id=\"banner-1582467141\">\n          <div class=\"banner-inner fill\">\n        <div class=\"banner-bg fill\" >\n            <img loading=\"lazy\" decoding=\"async\" width=\"1020\" height=\"714\" src=\"https:\/\/www.oliosource.com\/wp-content\/uploads\/2025\/11\/familie-stallone-1024x717.png\" class=\"bg attachment-large size-large\" alt=\"\" \/>                                    \n                    <\/div>\n\t\t\n        <div class=\"banner-layers container\">\n            <div class=\"fill banner-link\"><\/div>            \n        <\/div>\n      <\/div>\n\n            \n<style>\n#banner-1582467141 {\n  padding-top: 50%;\n  background-color: rgb(244, 244, 244);\n}\n@media (min-width:550px) {\n  #banner-1582467141 {\n    padding-top: 50%;\n  }\n}\n<\/style>\n  <\/div>\n\n\n\t\t<\/div>\n\t\t\t\t\n<style>\n#col-599732424 > .col-inner {\n  padding: 0px 10px 0px 10px;\n}\n<\/style>\n\t<\/div>\n\n\t\n<\/div>\n\t\t<\/div>\n\t\t\t\t\n<style>\n#col-911080604 > .col-inner {\n  margin: 10px 0px -20px 0px;\n}\n<\/style>\n\t<\/div>\n\n\t\n\n<style>\n#row-1026680722 > .col > .col-inner {\n  background-color: rgb(255,255,255);\n}\n<\/style>\n<\/div>\n\t\t<\/div>\n\n\t\t\n<style>\n#section_797663759 {\n  padding-top: 0px;\n  padding-bottom: 0px;\n}\n<\/style>\n\t<\/section>\n\t\n","protected":false},"excerpt":{"rendered":"","protected":false},"author":1,"featured_media":0,"parent":6466,"menu_order":0,"comment_status":"closed","ping_status":"closed","template":"page-blank.php","meta":{"footnotes":""},"class_list":["post-6473","page","type-page","status-publish","hentry"],"yoast_head":"<!-- This site is optimized with the Yoast SEO plugin v27.5 - https:\/\/yoast.com\/product\/yoast-seo-wordpress\/ -->\n<title>Producteurs d&#039;huile d&#039;olive vierge extra de haute qualit\u00e9 au Portugal<\/title>\n<meta name=\"description\" content=\"Huile d&#039;olive (en portugais &quot;azeite&quot;) des meilleurs producteurs de Tr\u00e1s-os-Montes, Portugal. Excellente qualit\u00e9 et tra\u00e7abilit\u00e9 de l&#039;origine\" \/>\n<meta name=\"robots\" content=\"index, follow, max-snippet:-1, max-image-preview:large, max-video-preview:-1\" \/>\n<link rel=\"canonical\" href=\"https:\/\/www.oliosource.com\/fr\/clarte\/producteurs\/\" \/>\n<meta property=\"og:locale\" content=\"fr_FR\" \/>\n<meta property=\"og:type\" content=\"article\" \/>\n<meta property=\"og:title\" content=\"Producteurs d&#039;huile d&#039;olive vierge extra de haute qualit\u00e9 au Portugal\" \/>\n<meta property=\"og:description\" content=\"Huile d&#039;olive (en portugais &quot;azeite&quot;) des meilleurs producteurs de Tr\u00e1s-os-Montes, Portugal. Excellente qualit\u00e9 et tra\u00e7abilit\u00e9 de l&#039;origine\" \/>\n<meta property=\"og:url\" content=\"https:\/\/www.oliosource.com\/fr\/clarte\/producteurs\/\" \/>\n<meta property=\"og:site_name\" content=\"Olio Source\" \/>\n<meta property=\"article:modified_time\" content=\"2025-11-02T10:24:14+00:00\" \/>\n<meta name=\"twitter:card\" content=\"summary_large_image\" \/>\n<meta name=\"twitter:label1\" content=\"Dur\u00e9e de lecture estim\u00e9e\" \/>\n\t<meta name=\"twitter:data1\" content=\"2 minutes\" \/>\n<script type=\"application\/ld+json\" class=\"yoast-schema-graph\">{\"@context\":\"https:\\\/\\\/schema.org\",\"@graph\":[{\"@type\":\"WebPage\",\"@id\":\"https:\\\/\\\/www.oliosource.com\\\/fr\\\/clarte\\\/producteurs\\\/\",\"url\":\"https:\\\/\\\/www.oliosource.com\\\/fr\\\/clarte\\\/producteurs\\\/\",\"name\":\"Producteurs d'huile d'olive vierge extra de haute qualit\u00e9 au Portugal\",\"isPartOf\":{\"@id\":\"https:\\\/\\\/www.oliosource.com\\\/fr\\\/#website\"},\"datePublished\":\"2018-06-21T07:45:04+00:00\",\"dateModified\":\"2025-11-02T10:24:14+00:00\",\"description\":\"Huile d'olive (en portugais \\\"azeite\\\") des meilleurs producteurs de Tr\u00e1s-os-Montes, Portugal. Excellente qualit\u00e9 et tra\u00e7abilit\u00e9 de l'origine\",\"breadcrumb\":{\"@id\":\"https:\\\/\\\/www.oliosource.com\\\/fr\\\/clarte\\\/producteurs\\\/#breadcrumb\"},\"inLanguage\":\"fr-FR\",\"potentialAction\":[{\"@type\":\"ReadAction\",\"target\":[\"https:\\\/\\\/www.oliosource.com\\\/fr\\\/clarte\\\/producteurs\\\/\"]}]},{\"@type\":\"BreadcrumbList\",\"@id\":\"https:\\\/\\\/www.oliosource.com\\\/fr\\\/clarte\\\/producteurs\\\/#breadcrumb\",\"itemListElement\":[{\"@type\":\"ListItem\",\"position\":1,\"name\":\"Accueil\",\"item\":\"https:\\\/\\\/www.oliosource.com\\\/fr\\\/\"},{\"@type\":\"ListItem\",\"position\":2,\"name\":\"Clart\u00e9 sur\",\"item\":\"https:\\\/\\\/www.oliosource.com\\\/fr\\\/clarte\\\/\"},{\"@type\":\"ListItem\",\"position\":3,\"name\":\"Producteurs\"}]},{\"@type\":\"WebSite\",\"@id\":\"https:\\\/\\\/www.oliosource.com\\\/fr\\\/#website\",\"url\":\"https:\\\/\\\/www.oliosource.com\\\/fr\\\/\",\"name\":\"Olio Source\",\"description\":\"L'huile d'olive d'une source claire\",\"publisher\":{\"@id\":\"https:\\\/\\\/www.oliosource.com\\\/fr\\\/#organization\"},\"potentialAction\":[{\"@type\":\"SearchAction\",\"target\":{\"@type\":\"EntryPoint\",\"urlTemplate\":\"https:\\\/\\\/www.oliosource.com\\\/fr\\\/?s={search_term_string}\"},\"query-input\":{\"@type\":\"PropertyValueSpecification\",\"valueRequired\":true,\"valueName\":\"search_term_string\"}}],\"inLanguage\":\"fr-FR\"},{\"@type\":\"Organization\",\"@id\":\"https:\\\/\\\/www.oliosource.com\\\/fr\\\/#organization\",\"name\":\"Olio Source\",\"url\":\"https:\\\/\\\/www.oliosource.com\\\/fr\\\/\",\"logo\":{\"@type\":\"ImageObject\",\"inLanguage\":\"fr-FR\",\"@id\":\"https:\\\/\\\/www.oliosource.com\\\/fr\\\/#\\\/schema\\\/logo\\\/image\\\/\",\"url\":\"https:\\\/\\\/www.oliosource.com\\\/wp-content\\\/uploads\\\/2025\\\/05\\\/olio-source.png\",\"contentUrl\":\"https:\\\/\\\/www.oliosource.com\\\/wp-content\\\/uploads\\\/2025\\\/05\\\/olio-source.png\",\"width\":1080,\"height\":1080,\"caption\":\"Olio Source\"},\"image\":{\"@id\":\"https:\\\/\\\/www.oliosource.com\\\/fr\\\/#\\\/schema\\\/logo\\\/image\\\/\"}}]}<\/script>\n<!-- \/ Yoast SEO plugin. -->","yoast_head_json":{"title":"Producteurs d'huile d'olive vierge extra de haute qualit\u00e9 au Portugal","description":"Huile d'olive (en portugais \"azeite\") des meilleurs producteurs de Tr\u00e1s-os-Montes, Portugal. Excellente qualit\u00e9 et tra\u00e7abilit\u00e9 de l'origine","robots":{"index":"index","follow":"follow","max-snippet":"max-snippet:-1","max-image-preview":"max-image-preview:large","max-video-preview":"max-video-preview:-1"},"canonical":"https:\/\/www.oliosource.com\/fr\/clarte\/producteurs\/","og_locale":"fr_FR","og_type":"article","og_title":"Producteurs d'huile d'olive vierge extra de haute qualit\u00e9 au Portugal","og_description":"Huile d'olive (en portugais \"azeite\") des meilleurs producteurs de Tr\u00e1s-os-Montes, Portugal. Excellente qualit\u00e9 et tra\u00e7abilit\u00e9 de l'origine","og_url":"https:\/\/www.oliosource.com\/fr\/clarte\/producteurs\/","og_site_name":"Olio Source","article_modified_time":"2025-11-02T10:24:14+00:00","twitter_card":"summary_large_image","twitter_misc":{"Dur\u00e9e de lecture estim\u00e9e":"2 minutes"},"schema":{"@context":"https:\/\/schema.org","@graph":[{"@type":"WebPage","@id":"https:\/\/www.oliosource.com\/fr\/clarte\/producteurs\/","url":"https:\/\/www.oliosource.com\/fr\/clarte\/producteurs\/","name":"Producteurs d'huile d'olive vierge extra de haute qualit\u00e9 au Portugal","isPartOf":{"@id":"https:\/\/www.oliosource.com\/fr\/#website"},"datePublished":"2018-06-21T07:45:04+00:00","dateModified":"2025-11-02T10:24:14+00:00","description":"Huile d'olive (en portugais \"azeite\") des meilleurs producteurs de Tr\u00e1s-os-Montes, Portugal. Excellente qualit\u00e9 et tra\u00e7abilit\u00e9 de l'origine","breadcrumb":{"@id":"https:\/\/www.oliosource.com\/fr\/clarte\/producteurs\/#breadcrumb"},"inLanguage":"fr-FR","potentialAction":[{"@type":"ReadAction","target":["https:\/\/www.oliosource.com\/fr\/clarte\/producteurs\/"]}]},{"@type":"BreadcrumbList","@id":"https:\/\/www.oliosource.com\/fr\/clarte\/producteurs\/#breadcrumb","itemListElement":[{"@type":"ListItem","position":1,"name":"Accueil","item":"https:\/\/www.oliosource.com\/fr\/"},{"@type":"ListItem","position":2,"name":"Clart\u00e9 sur","item":"https:\/\/www.oliosource.com\/fr\/clarte\/"},{"@type":"ListItem","position":3,"name":"Producteurs"}]},{"@type":"WebSite","@id":"https:\/\/www.oliosource.com\/fr\/#website","url":"https:\/\/www.oliosource.com\/fr\/","name":"Olio Source","description":"L'huile d'olive d'une source claire","publisher":{"@id":"https:\/\/www.oliosource.com\/fr\/#organization"},"potentialAction":[{"@type":"SearchAction","target":{"@type":"EntryPoint","urlTemplate":"https:\/\/www.oliosource.com\/fr\/?s={search_term_string}"},"query-input":{"@type":"PropertyValueSpecification","valueRequired":true,"valueName":"search_term_string"}}],"inLanguage":"fr-FR"},{"@type":"Organization","@id":"https:\/\/www.oliosource.com\/fr\/#organization","name":"Olio Source","url":"https:\/\/www.oliosource.com\/fr\/","logo":{"@type":"ImageObject","inLanguage":"fr-FR","@id":"https:\/\/www.oliosource.com\/fr\/#\/schema\/logo\/image\/","url":"https:\/\/www.oliosource.com\/wp-content\/uploads\/2025\/05\/olio-source.png","contentUrl":"https:\/\/www.oliosource.com\/wp-content\/uploads\/2025\/05\/olio-source.png","width":1080,"height":1080,"caption":"Olio Source"},"image":{"@id":"https:\/\/www.oliosource.com\/fr\/#\/schema\/logo\/image\/"}}]}},"_links":{"self":[{"href":"https:\/\/www.oliosource.com\/fr\/wp-json\/wp\/v2\/pages\/6473","targetHints":{"allow":["GET"]}}],"collection":[{"href":"https:\/\/www.oliosource.com\/fr\/wp-json\/wp\/v2\/pages"}],"about":[{"href":"https:\/\/www.oliosource.com\/fr\/wp-json\/wp\/v2\/types\/page"}],"author":[{"embeddable":true,"href":"https:\/\/www.oliosource.com\/fr\/wp-json\/wp\/v2\/users\/1"}],"replies":[{"embeddable":true,"href":"https:\/\/www.oliosource.com\/fr\/wp-json\/wp\/v2\/comments?post=6473"}],"version-history":[{"count":39,"href":"https:\/\/www.oliosource.com\/fr\/wp-json\/wp\/v2\/pages\/6473\/revisions"}],"predecessor-version":[{"id":10036,"href":"https:\/\/www.oliosource.com\/fr\/wp-json\/wp\/v2\/pages\/6473\/revisions\/10036"}],"up":[{"embeddable":true,"href":"https:\/\/www.oliosource.com\/fr\/wp-json\/wp\/v2\/pages\/6466"}],"wp:attachment":[{"href":"https:\/\/www.oliosource.com\/fr\/wp-json\/wp\/v2\/media?parent=6473"}],"curies":[{"name":"wp","href":"https:\/\/api.w.org\/{rel}","templated":true}]}}