{"id":6466,"date":"2019-02-22T22:13:44","date_gmt":"2019-02-22T22:13:44","guid":{"rendered":"https:\/\/www.ulusource.com\/klarheit\/"},"modified":"2026-04-19T06:16:43","modified_gmt":"2026-04-19T04:16:43","slug":"clarte","status":"publish","type":"page","link":"https:\/\/www.oliosource.com\/fr\/clarte\/","title":{"rendered":"Clart\u00e9 sur"},"content":{"rendered":"\n\t<section class=\"section\" id=\"section_1795261760\">\n\t\t<div class=\"section-bg fill\" >\n\t\t\t\t\t\t\t\t\t\n\t\t\t\n\n\t\t<\/div>\n\n\t\t\n\n\t\t<div class=\"section-content relative\">\n\t\t\t\n<div class=\"row align-center\"  id=\"row-1464754564\">\n\n\t<div id=\"col-1451323886\" class=\"col small-12 large-12\"  >\n\t\t\t\t<div class=\"col-inner\"  >\n\t\t\t\n\t\t\t\n\t<div class=\"img has-hover x md-x lg-x y md-y lg-y\" id=\"image_867874771\">\n\t\t\t\t\t\t\t\t<div class=\"img-inner dark\" >\n\t\t\t<img loading=\"lazy\" decoding=\"async\" width=\"1020\" height=\"596\" src=\"https:\/\/www.oliosource.com\/wp-content\/uploads\/2025\/11\/stallones-erzeuger-1024x598.png\" class=\"attachment-large size-large\" alt=\"\" srcset=\"https:\/\/www.oliosource.com\/wp-content\/uploads\/2025\/11\/stallones-erzeuger-1024x598.png 1024w, https:\/\/www.oliosource.com\/wp-content\/uploads\/2025\/11\/stallones-erzeuger-300x175.png 300w, https:\/\/www.oliosource.com\/wp-content\/uploads\/2025\/11\/stallones-erzeuger-768x449.png 768w, https:\/\/www.oliosource.com\/wp-content\/uploads\/2025\/11\/stallones-erzeuger-600x351.png 600w, https:\/\/www.oliosource.com\/wp-content\/uploads\/2025\/11\/stallones-erzeuger.png 1181w\" sizes=\"auto, (max-width: 1020px) 100vw, 1020px\" \/>\t\t\t\t\t\t\n\t\t\t\t\t<\/div>\n\t\t\t\t\t\t\t\t\n<style>\n#image_867874771 {\n  width: 100%;\n}\n<\/style>\n\t<\/div>\n\t\n\t\t<\/div>\n\t\t\t\t\t<\/div>\n\n\t\n\n\t<div id=\"col-1549329035\" class=\"col medium-9 small-12 large-9\"  >\n\t\t\t\t<div class=\"col-inner\"  >\n\t\t\t\n\t\t\t\n<h1 style=\"text-align: center;\"><span style=\"color: #5c7138; font-size: 120%;\"><strong>Clart\u00e9 sur l&rsquo;huile d&rsquo;olive<\/strong><\/span><\/h1>\n<div class=\"text-center\"><div class=\"is-divider divider clearfix\" style=\"max-width:60px;\"><\/div><\/div>\n\t<div id=\"gap-1996749941\" class=\"gap-element clearfix\" style=\"display:block; height:auto;\">\n\t\t\n<style>\n#gap-1996749941 {\n  padding-top: 30px;\n}\n<\/style>\n\t<\/div>\n\t\n<p style=\"text-align: justify;\">La tra\u00e7abilit\u00e9 de l&rsquo;huile d&rsquo;olive est un concept inconnu pour la plupart des produits en rayon : pas d&rsquo;origine v\u00e9rifiable, pas de donn\u00e9es consultables. Ce qui figure sur l&rsquo;\u00e9tiquette r\u00e9pond tout juste aux exigences l\u00e9gales minimales, sans rien expliquer.<\/p>\n<p style=\"text-align: justify;\">La tra\u00e7abilit\u00e9 de l&rsquo;huile d&rsquo;olive signifie pour nous : chaque Bag-in-Box est document\u00e9e, de l&rsquo;oliveraie au moulin jusqu&rsquo;\u00e0 l&rsquo;analyse en laboratoire. Nous publions les noms de nos producteurs, les <a href=\"https:\/\/www.oliosource.com\/fr\/produit\/joaquim\/\">r\u00e9sultats d&rsquo;analyses chimiques et sensorielles<\/a> et le d\u00e9tail complet de nos prix, parce que nous croyons qu&rsquo;on ne peut vraiment \u00e9valuer un aliment que si l&rsquo;on comprend d&rsquo;o\u00f9 il vient, comment il est fait et ce qu&rsquo;il co\u00fbte.<\/p>\n<p style=\"text-align: justify;\">Pour un litre de notre huile d&rsquo;olive, il faut 7 \u00e0 10 kilogrammes d&rsquo;olives, car nous r\u00e9coltons exclusivement t\u00f4t. Une <a href=\"https:\/\/www.cbi.eu\/market-information\/processed-fruit-vegetables-edible-nuts\/olive-oil\/market-potential\">huile de supermarch\u00e9 classique n\u00e9cessite seulement 4 \u00e0 5 kilogrammes d&rsquo;olives<\/a>, r\u00e9colt\u00e9es des semaines ou des mois plus tard, quand le fruit contient plus d&rsquo;huile mais moins de polyph\u00e9nols. Comprendre combien d&rsquo;olives se trouvent dans chaque Bag-in-Box, c&rsquo;est aussi comprendre le prix.<\/p>\n\t\t<\/div>\n\t\t\t\t\t<\/div>\n\n\t\n\n\t<div id=\"col-1339831843\" class=\"col medium-4 small-12 large-4\"  >\n\t\t\t\t<div class=\"col-inner text-left\"  >\n\t\t\t\n\t\t\t\n\t<div class=\"img has-hover x md-x lg-x y md-y lg-y\" id=\"image_779333769\">\n\t\t<a class=\"\" href=\"https:\/\/www.oliosource.com\/fr\/clarte\/producteurs\/\" >\t\t\t\t\t\t<div class=\"img-inner image-zoom dark\" >\n\t\t\t<img loading=\"lazy\" decoding=\"async\" width=\"551\" height=\"551\" src=\"https:\/\/www.oliosource.com\/wp-content\/uploads\/2019\/09\/spitzenerzeuger-1.png\" class=\"attachment-large size-large\" alt=\"Huile d&#039;olive fra\u00eeche, r\u00e9guli\u00e8rement prim\u00e9e, des meilleurs producteurs du Portugal\" srcset=\"https:\/\/www.oliosource.com\/wp-content\/uploads\/2019\/09\/spitzenerzeuger-1.png 551w, https:\/\/www.oliosource.com\/wp-content\/uploads\/2019\/09\/spitzenerzeuger-1-150x150.png 150w, https:\/\/www.oliosource.com\/wp-content\/uploads\/2019\/09\/spitzenerzeuger-1-300x300.png 300w, https:\/\/www.oliosource.com\/wp-content\/uploads\/2019\/09\/spitzenerzeuger-1-100x100.png 100w\" sizes=\"auto, (max-width: 551px) 100vw, 551px\" \/>\t\t\t\t\t\t\n\t\t\t\t\t<\/div>\n\t\t\t\t\t\t<\/a>\t\t\n<style>\n#image_779333769 {\n  width: 100%;\n}\n<\/style>\n\t<\/div>\n\t\n\t\t<\/div>\n\t\t\t\t\t<\/div>\n\n\t\n\n\t<div id=\"col-699419584\" class=\"col medium-5 small-12 large-5\"  >\n\t\t\t\t<div class=\"col-inner\"  >\n\t\t\t\n\t\t\t\n\t<div id=\"text-1404417408\" class=\"text\">\n\t\t\n<h2 style=\"text-align: left;\"><strong><span style=\"color: #5c7138;\">Qui sont nos producteurs d&rsquo;huile d&rsquo;olive ?<\/span><\/strong><\/h2>\n\t\t\n<style>\n#text-1404417408 {\n  text-align: left;\n}\n<\/style>\n\t<\/div>\n\t\n\t<div id=\"text-3999187458\" class=\"text\">\n\t\t\n<p>Nous travaillons avec de petits producteurs d&rsquo;excellence que nous connaissons personnellement et visitons r\u00e9guli\u00e8rement. Joaquim au Portugal, la famille Stallone dans les Pouilles, chacun avec son propre terroir, son propre moulin, sa propre histoire.<\/p>\n\t\t\n<style>\n#text-3999187458 {\n  text-align: left;\n}\n<\/style>\n\t<\/div>\n\t\n<a href=\"https:\/\/www.oliosource.com\/fr\/clarte\/producteurs\/\" class=\"button primary\" style=\"border-radius:10px;\">\n\t\t<span>D\u00e9couvrir nos producteurs<\/span>\n\t<\/a>\n\n\t\t<\/div>\n\t\t\t\t\t<\/div>\n\n\t\n\n\t<div id=\"col-2084325191\" class=\"col medium-4 small-12 large-4\"  >\n\t\t\t\t<div class=\"col-inner\"  >\n\t\t\t\n\t\t\t\n\t<div class=\"img has-hover x md-x lg-x y md-y lg-y\" id=\"image_419140535\">\n\t\t<a class=\"\" href=\"https:\/\/www.oliosource.com\/fr\/clarte\/qualite\/\" >\t\t\t\t\t\t<div class=\"img-inner image-zoom dark\" >\n\t\t\t<img loading=\"lazy\" decoding=\"async\" width=\"551\" height=\"551\" src=\"https:\/\/www.oliosource.com\/wp-content\/uploads\/2020\/01\/Contr\u00f4le-de-la-qualit\u00e9.png\" class=\"attachment-large size-large\" alt=\"Les polyph\u00e9nols de l&#039;huile d&#039;olive sont b\u00e9n\u00e9fiques pour la sant\u00e9 et pour une huile d&#039;olive de haute qualit\u00e9.\" srcset=\"https:\/\/www.oliosource.com\/wp-content\/uploads\/2020\/01\/Contr\u00f4le-de-la-qualit\u00e9.png 551w, https:\/\/www.oliosource.com\/wp-content\/uploads\/2020\/01\/Contr\u00f4le-de-la-qualit\u00e9-150x150.png 150w, https:\/\/www.oliosource.com\/wp-content\/uploads\/2020\/01\/Contr\u00f4le-de-la-qualit\u00e9-300x300.png 300w, https:\/\/www.oliosource.com\/wp-content\/uploads\/2020\/01\/Contr\u00f4le-de-la-qualit\u00e9-100x100.png 100w\" sizes=\"auto, (max-width: 551px) 100vw, 551px\" \/>\t\t\t\t\t\t\n\t\t\t\t\t<\/div>\n\t\t\t\t\t\t<\/a>\t\t\n<style>\n#image_419140535 {\n  width: 100%;\n}\n<\/style>\n\t<\/div>\n\t\n\t\t<\/div>\n\t\t\t\t\t<\/div>\n\n\t\n\n\t<div id=\"col-6631769\" class=\"col medium-5 small-12 large-5\"  >\n\t\t\t\t<div class=\"col-inner\"  >\n\t\t\t\n\t\t\t\n<h2 style=\"text-align: left;\"><strong><span style=\"color: #5c7138;\">Quels sont nos crit\u00e8res de qualit\u00e9 ?<\/span><\/strong><\/h2>\n<p>Les normes l\u00e9gales ne suffisent pas. Nous s\u00e9lectionnons uniquement des huiles dont les valeurs chimiques d\u00e9passent largement les seuils de l&rsquo;UE, et faisons analyser chaque lot de mani\u00e8re ind\u00e9pendante. Nous en publions les r\u00e9sultats.<\/p>\n<a href=\"https:\/\/www.oliosource.com\/fr\/clarte\/qualite\/\" class=\"button primary\" style=\"border-radius:10px;\">\n\t\t<span>Voir nos crit\u00e8res de qualit\u00e9<\/span>\n\t<\/a>\n\n\t\t<\/div>\n\t\t\t\t\t<\/div>\n\n\t\n\n\t<div id=\"col-1634103108\" class=\"col medium-4 small-12 large-4\"  >\n\t\t\t\t<div class=\"col-inner\"  >\n\t\t\t\n\t\t\t\n\t<div class=\"img has-hover x md-x lg-x y md-y lg-y\" id=\"image_1101116527\">\n\t\t<a class=\"\" href=\"https:\/\/www.oliosource.com\/fr\/clarte\/composition-du-prix\/\" >\t\t\t\t\t\t<div class=\"img-inner image-zoom dark\" >\n\t\t\t<img loading=\"lazy\" decoding=\"async\" width=\"551\" height=\"551\" src=\"https:\/\/www.oliosource.com\/wp-content\/uploads\/2019\/09\/preiszusammenstellung-3.png\" class=\"attachment-large size-large\" alt=\"Huile d&#039;olive prim\u00e9e du Portugal en stock annuel avec un excellent rapport qualit\u00e9\/prix\" srcset=\"https:\/\/www.oliosource.com\/wp-content\/uploads\/2019\/09\/preiszusammenstellung-3.png 551w, https:\/\/www.oliosource.com\/wp-content\/uploads\/2019\/09\/preiszusammenstellung-3-150x150.png 150w, https:\/\/www.oliosource.com\/wp-content\/uploads\/2019\/09\/preiszusammenstellung-3-300x300.png 300w, https:\/\/www.oliosource.com\/wp-content\/uploads\/2019\/09\/preiszusammenstellung-3-100x100.png 100w\" sizes=\"auto, (max-width: 551px) 100vw, 551px\" \/>\t\t\t\t\t\t\n\t\t\t\t\t<\/div>\n\t\t\t\t\t\t<\/a>\t\t\n<style>\n#image_1101116527 {\n  width: 100%;\n}\n<\/style>\n\t<\/div>\n\t\n\t\t<\/div>\n\t\t\t\t\t<\/div>\n\n\t\n\n\t<div id=\"col-1284707155\" class=\"col medium-5 small-12 large-5\"  >\n\t\t\t\t<div class=\"col-inner\"  >\n\t\t\t\n\t\t\t\n<h2 style=\"text-align: left;\"><strong><span style=\"color: #5c7138;\">Comment se compose le prix ?<\/span><\/strong><\/h2>\n<p>Nous montrons ouvertement ce que nous d\u00e9pensons pour l&rsquo;achat, le contr\u00f4le qualit\u00e9, l&#8217;emballage et le transport, et ce que nous gagnons. Pas de marges cach\u00e9es, pas de cha\u00eenes d&rsquo;approvisionnement anonymes, mais un commerce \u00e9quitable.<\/p>\n<a href=\"https:\/\/www.oliosource.com\/fr\/clarte\/composition-du-prix\/\" class=\"button primary\" style=\"border-radius:10px;\">\n\t\t<span>Voir la composition du prix<\/span>\n\t<\/a>\n\n\t\t<\/div>\n\t\t\t\t\t<\/div>\n\n\t\n<\/div>\n\t\t<\/div>\n\n\t\t\n<style>\n#section_1795261760 {\n  padding-top: 30px;\n  padding-bottom: 30px;\n}\n<\/style>\n\t<\/section>\n\t\n\n\t<section class=\"section\" id=\"section_266401857\">\n\t\t<div class=\"section-bg fill\" >\n\t\t\t\t\t\t\t\t\t\n\t\t\t\n\n\t\t<\/div>\n\n\t\t\n\n\t\t<div class=\"section-content relative\">\n\t\t\t\n<div class=\"row align-center\"  id=\"row-354960931\">\n\n\t<div id=\"col-128169666\" class=\"col medium-9 small-12 large-9\"  >\n\t\t\t\t<div class=\"col-inner\"  >\n\t\t\t\n\t\t\t\n\n  <div class=\"banner has-hover\" id=\"banner-1264455756\">\n          <div class=\"banner-inner fill\">\n        <div class=\"banner-bg fill\" >\n                                                \n                    <\/div>\n\t\t\n        <div class=\"banner-layers container\">\n            <div class=\"fill banner-link\"><\/div>            \n   <div id=\"text-box-1173782200\" class=\"text-box banner-layer x50 md-x50 lg-x50 y50 md-y50 lg-y50 res-text\">\n                                <div class=\"text-box-content text box-shadow-3\">\n              \n              <div class=\"text-inner text-left\">\n                  \n<p style=\"text-align: center;\"><span style=\"font-size: 180%;\">Chacune de nos huiles d&rsquo;olive poss\u00e8de sa propre page de lot avec toutes les donn\u00e9es de la charge concern\u00e9e : origine, date de r\u00e9colte, analyses en laboratoire, teneur en polyph\u00e9nols et notes de d\u00e9gustation.<\/span><\/p>\n<a href=\"https:\/\/www.oliosource.com\/fr\/lot\/ac25a14\/\" class=\"button primary is-xlarge expand\" style=\"border-radius:10px;\">\n\t\t<span>Exemple : voir une page de lot<\/span>\n\t<\/a>\n\n              <\/div>\n           <\/div>\n                            \n<style>\n#text-box-1173782200 .text-box-content {\n  background-color: rgb(244, 247, 239);\n  font-size: 80%;\n}\n#text-box-1173782200 .text-inner {\n  padding: 30px 30px 30px 30px;\n}\n#text-box-1173782200 {\n  width: 90%;\n}\n@media (min-width:550px) {\n  #text-box-1173782200 {\n    width: 100%;\n  }\n  #text-box-1173782200 .text-box-content {\n    font-size: 70%;\n  }\n}\n<\/style>\n    <\/div>\n \n        <\/div>\n      <\/div>\n\n              <div class=\"height-fix is-invisible\"><\/div>\n            \n<style>\n#banner-1264455756 {\n  padding-top: 280px;\n  background-color: rgb(255, 255, 255);\n}\n<\/style>\n  <\/div>\n\n\n\t\t<\/div>\n\t\t\t\t\t<\/div>\n\n\t\n<\/div>\n\t\t<\/div>\n\n\t\t\n<style>\n#section_266401857 {\n  padding-top: 30px;\n  padding-bottom: 30px;\n}\n<\/style>\n\t<\/section>\n\t\n","protected":false},"excerpt":{"rendered":"","protected":false},"author":1,"featured_media":0,"parent":0,"menu_order":0,"comment_status":"closed","ping_status":"closed","template":"","meta":{"footnotes":""},"class_list":["post-6466","page","type-page","status-publish","hentry"],"yoast_head":"<!-- This site is optimized with the Yoast SEO plugin v27.5 - https:\/\/yoast.com\/product\/yoast-seo-wordpress\/ -->\n<title>Clart\u00e9 sur l&#039;huile d&#039;olive \u2014 Tra\u00e7abilit\u00e9 chez Olio Source<\/title>\n<meta name=\"description\" content=\"Tra\u00e7abilit\u00e9 de l&#039;huile d&#039;olive chez Olio Source : producteurs, analyses et composition du prix consultables.\" \/>\n<meta name=\"robots\" content=\"index, follow, max-snippet:-1, max-image-preview:large, max-video-preview:-1\" \/>\n<link rel=\"canonical\" href=\"https:\/\/www.oliosource.com\/fr\/clarte\/\" \/>\n<meta property=\"og:locale\" content=\"fr_FR\" \/>\n<meta property=\"og:type\" content=\"article\" \/>\n<meta property=\"og:title\" content=\"Clart\u00e9 sur l&#039;huile d&#039;olive \u2014 Tra\u00e7abilit\u00e9 chez Olio Source\" \/>\n<meta property=\"og:description\" content=\"Tra\u00e7abilit\u00e9 de l&#039;huile d&#039;olive chez Olio Source : producteurs, analyses et composition du prix consultables.\" \/>\n<meta property=\"og:url\" content=\"https:\/\/www.oliosource.com\/fr\/clarte\/\" \/>\n<meta property=\"og:site_name\" content=\"Olio Source\" \/>\n<meta property=\"article:modified_time\" content=\"2026-04-19T04:16:43+00:00\" \/>\n<meta name=\"twitter:card\" content=\"summary_large_image\" \/>\n<meta name=\"twitter:label1\" content=\"Dur\u00e9e de lecture estim\u00e9e\" \/>\n\t<meta name=\"twitter:data1\" content=\"3 minutes\" \/>\n<script type=\"application\/ld+json\" class=\"yoast-schema-graph\">{\"@context\":\"https:\\\/\\\/schema.org\",\"@graph\":[{\"@type\":\"WebPage\",\"@id\":\"https:\\\/\\\/www.oliosource.com\\\/fr\\\/clarte\\\/\",\"url\":\"https:\\\/\\\/www.oliosource.com\\\/fr\\\/clarte\\\/\",\"name\":\"Clart\u00e9 sur l'huile d'olive \u2014 Tra\u00e7abilit\u00e9 chez Olio Source\",\"isPartOf\":{\"@id\":\"https:\\\/\\\/www.oliosource.com\\\/fr\\\/#website\"},\"datePublished\":\"2019-02-22T22:13:44+00:00\",\"dateModified\":\"2026-04-19T04:16:43+00:00\",\"description\":\"Tra\u00e7abilit\u00e9 de l'huile d'olive chez Olio Source : producteurs, analyses et composition du prix consultables.\",\"breadcrumb\":{\"@id\":\"https:\\\/\\\/www.oliosource.com\\\/fr\\\/clarte\\\/#breadcrumb\"},\"inLanguage\":\"fr-FR\",\"potentialAction\":[{\"@type\":\"ReadAction\",\"target\":[\"https:\\\/\\\/www.oliosource.com\\\/fr\\\/clarte\\\/\"]}]},{\"@type\":\"BreadcrumbList\",\"@id\":\"https:\\\/\\\/www.oliosource.com\\\/fr\\\/clarte\\\/#breadcrumb\",\"itemListElement\":[{\"@type\":\"ListItem\",\"position\":1,\"name\":\"Accueil\",\"item\":\"https:\\\/\\\/www.oliosource.com\\\/fr\\\/\"},{\"@type\":\"ListItem\",\"position\":2,\"name\":\"Clart\u00e9 sur\"}]},{\"@type\":\"WebSite\",\"@id\":\"https:\\\/\\\/www.oliosource.com\\\/fr\\\/#website\",\"url\":\"https:\\\/\\\/www.oliosource.com\\\/fr\\\/\",\"name\":\"Olio Source\",\"description\":\"L'huile d'olive d'une source claire\",\"publisher\":{\"@id\":\"https:\\\/\\\/www.oliosource.com\\\/fr\\\/#organization\"},\"potentialAction\":[{\"@type\":\"SearchAction\",\"target\":{\"@type\":\"EntryPoint\",\"urlTemplate\":\"https:\\\/\\\/www.oliosource.com\\\/fr\\\/?s={search_term_string}\"},\"query-input\":{\"@type\":\"PropertyValueSpecification\",\"valueRequired\":true,\"valueName\":\"search_term_string\"}}],\"inLanguage\":\"fr-FR\"},{\"@type\":\"Organization\",\"@id\":\"https:\\\/\\\/www.oliosource.com\\\/fr\\\/#organization\",\"name\":\"Olio Source\",\"url\":\"https:\\\/\\\/www.oliosource.com\\\/fr\\\/\",\"logo\":{\"@type\":\"ImageObject\",\"inLanguage\":\"fr-FR\",\"@id\":\"https:\\\/\\\/www.oliosource.com\\\/fr\\\/#\\\/schema\\\/logo\\\/image\\\/\",\"url\":\"https:\\\/\\\/www.oliosource.com\\\/wp-content\\\/uploads\\\/2025\\\/05\\\/olio-source.png\",\"contentUrl\":\"https:\\\/\\\/www.oliosource.com\\\/wp-content\\\/uploads\\\/2025\\\/05\\\/olio-source.png\",\"width\":1080,\"height\":1080,\"caption\":\"Olio Source\"},\"image\":{\"@id\":\"https:\\\/\\\/www.oliosource.com\\\/fr\\\/#\\\/schema\\\/logo\\\/image\\\/\"}}]}<\/script>\n<!-- \/ Yoast SEO plugin. -->","yoast_head_json":{"title":"Clart\u00e9 sur l'huile d'olive \u2014 Tra\u00e7abilit\u00e9 chez Olio Source","description":"Tra\u00e7abilit\u00e9 de l'huile d'olive chez Olio Source : producteurs, analyses et composition du prix consultables.","robots":{"index":"index","follow":"follow","max-snippet":"max-snippet:-1","max-image-preview":"max-image-preview:large","max-video-preview":"max-video-preview:-1"},"canonical":"https:\/\/www.oliosource.com\/fr\/clarte\/","og_locale":"fr_FR","og_type":"article","og_title":"Clart\u00e9 sur l'huile d'olive \u2014 Tra\u00e7abilit\u00e9 chez Olio Source","og_description":"Tra\u00e7abilit\u00e9 de l'huile d'olive chez Olio Source : producteurs, analyses et composition du prix consultables.","og_url":"https:\/\/www.oliosource.com\/fr\/clarte\/","og_site_name":"Olio Source","article_modified_time":"2026-04-19T04:16:43+00:00","twitter_card":"summary_large_image","twitter_misc":{"Dur\u00e9e de lecture estim\u00e9e":"3 minutes"},"schema":{"@context":"https:\/\/schema.org","@graph":[{"@type":"WebPage","@id":"https:\/\/www.oliosource.com\/fr\/clarte\/","url":"https:\/\/www.oliosource.com\/fr\/clarte\/","name":"Clart\u00e9 sur l'huile d'olive \u2014 Tra\u00e7abilit\u00e9 chez Olio Source","isPartOf":{"@id":"https:\/\/www.oliosource.com\/fr\/#website"},"datePublished":"2019-02-22T22:13:44+00:00","dateModified":"2026-04-19T04:16:43+00:00","description":"Tra\u00e7abilit\u00e9 de l'huile d'olive chez Olio Source : producteurs, analyses et composition du prix consultables.","breadcrumb":{"@id":"https:\/\/www.oliosource.com\/fr\/clarte\/#breadcrumb"},"inLanguage":"fr-FR","potentialAction":[{"@type":"ReadAction","target":["https:\/\/www.oliosource.com\/fr\/clarte\/"]}]},{"@type":"BreadcrumbList","@id":"https:\/\/www.oliosource.com\/fr\/clarte\/#breadcrumb","itemListElement":[{"@type":"ListItem","position":1,"name":"Accueil","item":"https:\/\/www.oliosource.com\/fr\/"},{"@type":"ListItem","position":2,"name":"Clart\u00e9 sur"}]},{"@type":"WebSite","@id":"https:\/\/www.oliosource.com\/fr\/#website","url":"https:\/\/www.oliosource.com\/fr\/","name":"Olio Source","description":"L'huile d'olive d'une source claire","publisher":{"@id":"https:\/\/www.oliosource.com\/fr\/#organization"},"potentialAction":[{"@type":"SearchAction","target":{"@type":"EntryPoint","urlTemplate":"https:\/\/www.oliosource.com\/fr\/?s={search_term_string}"},"query-input":{"@type":"PropertyValueSpecification","valueRequired":true,"valueName":"search_term_string"}}],"inLanguage":"fr-FR"},{"@type":"Organization","@id":"https:\/\/www.oliosource.com\/fr\/#organization","name":"Olio Source","url":"https:\/\/www.oliosource.com\/fr\/","logo":{"@type":"ImageObject","inLanguage":"fr-FR","@id":"https:\/\/www.oliosource.com\/fr\/#\/schema\/logo\/image\/","url":"https:\/\/www.oliosource.com\/wp-content\/uploads\/2025\/05\/olio-source.png","contentUrl":"https:\/\/www.oliosource.com\/wp-content\/uploads\/2025\/05\/olio-source.png","width":1080,"height":1080,"caption":"Olio Source"},"image":{"@id":"https:\/\/www.oliosource.com\/fr\/#\/schema\/logo\/image\/"}}]}},"_links":{"self":[{"href":"https:\/\/www.oliosource.com\/fr\/wp-json\/wp\/v2\/pages\/6466","targetHints":{"allow":["GET"]}}],"collection":[{"href":"https:\/\/www.oliosource.com\/fr\/wp-json\/wp\/v2\/pages"}],"about":[{"href":"https:\/\/www.oliosource.com\/fr\/wp-json\/wp\/v2\/types\/page"}],"author":[{"embeddable":true,"href":"https:\/\/www.oliosource.com\/fr\/wp-json\/wp\/v2\/users\/1"}],"replies":[{"embeddable":true,"href":"https:\/\/www.oliosource.com\/fr\/wp-json\/wp\/v2\/comments?post=6466"}],"version-history":[{"count":20,"href":"https:\/\/www.oliosource.com\/fr\/wp-json\/wp\/v2\/pages\/6466\/revisions"}],"predecessor-version":[{"id":10614,"href":"https:\/\/www.oliosource.com\/fr\/wp-json\/wp\/v2\/pages\/6466\/revisions\/10614"}],"wp:attachment":[{"href":"https:\/\/www.oliosource.com\/fr\/wp-json\/wp\/v2\/media?parent=6466"}],"curies":[{"name":"wp","href":"https:\/\/api.w.org\/{rel}","templated":true}]}}